{"id":447,"date":"2017-11-24T11:26:39","date_gmt":"2017-11-24T11:26:39","guid":{"rendered":"http:\/\/armtransp.com\/?page_id=447"},"modified":"2017-11-24T11:50:48","modified_gmt":"2017-11-24T11:50:48","slug":"agende-su-vehiculo-armtransp","status":"publish","type":"page","link":"http:\/\/armtransp.com\/?page_id=447","title":{"rendered":"Agende su Veh\u00edculo Armtransp"},"content":{"rendered":"<p>[vc_row][vc_column width=\u00bb1\/2&#8243;][vc_column_text]<\/p>\n<h3><strong>PROCESO DE CONOCIMIENTO DEL CLIENTE<\/strong><\/h3>\n<p>Para llevar a cabo este procedimiento es necesario:<\/p>\n<ol>\n<li>Diligenciar el formato ARM2012<\/li>\n<li>Anexar la siguiente documentaci\u00f3n:\n<ul>\n<li>C\u00e9dula de ciudadan\u00eda del Representante Legal<\/li>\n<li>RUT<\/li>\n<li>C\u00e1mara de Comercio<\/li>\n<li>3 Certificaciones comerciales<\/li>\n<li>2 certificaciones personales<\/li>\n<li>Certificaciones bancarias<\/li>\n<\/ul>\n<\/li>\n<\/ol>\n<p>[\/vc_column_text][\/vc_column][vc_column width=\u00bb1\/2&#8243; css=\u00bb.vc_custom_1511523843523{background-color: #ffffff !important;}\u00bb][vc_column_text]Por favor diligencie cuidadosamente los datos requeridos para poder ofrecer el servicio m\u00e1s adecuado a su necesidad[\/vc_column_text]\n                <div class='gf_browser_gecko gform_wrapper' id='gform_wrapper_2' ><form method='post' enctype='multipart\/form-data'  id='gform_2'  action='\/index.php?rest_route=%2Fwp%2Fv2%2Fpages%2F447'>\n                        <div class='gform_body'><ul id='gform_fields_2' class='gform_fields top_label form_sublabel_below description_below'><li id='field_2_2' class='gfield gfield_contains_required field_sublabel_below field_description_below gfield_visibility_visible' ><label class='gfield_label' for='input_2_2' >Nombre y Apellidos<span class='gfield_required'>*<\/span><\/label><div class='ginput_container ginput_container_text'><input name='input_2' id='input_2_2' type='text' value='' class='large'  tabindex='1'   aria-required=\"true\" aria-invalid=\"false\" \/><\/div><\/li><li id='field_2_5' class='gfield gfield_contains_required field_sublabel_below field_description_below gfield_visibility_visible' ><label class='gfield_label' for='input_2_5' >Tel\u00e9fono<span class='gfield_required'>*<\/span><\/label><div class='ginput_container ginput_container_phone'><input name='input_5' id='input_2_5' type='tel' value='' class='large' tabindex='2'   aria-required=\"true\" aria-invalid=\"false\" \/><\/div><\/li><li id='field_2_6' class='gfield gfield_contains_required field_sublabel_below field_description_below gfield_visibility_visible' ><label class='gfield_label' for='input_2_6' >Email<span class='gfield_required'>*<\/span><\/label><div class='ginput_container ginput_container_email'>\n                            <input name='input_6' id='input_2_6' type='email' value='' class='large' tabindex='3'    aria-required=\"true\" aria-invalid=\"false\"\/>\n                        <\/div><\/li><li id='field_2_9' class='gfield field_sublabel_below field_description_below gfield_visibility_visible' ><label class='gfield_label' for='input_2_9' >Empresa<\/label><div class='ginput_container ginput_container_text'><input name='input_9' id='input_2_9' type='text' value='' class='large'  tabindex='4'    aria-invalid=\"false\" \/><\/div><\/li><li id='field_2_12' class='gfield gfield_contains_required field_sublabel_below field_description_below gfield_visibility_visible' ><label class='gfield_label' for='input_2_12' >Servicio Requerido<span class='gfield_required'>*<\/span><\/label><div class='ginput_container ginput_container_select'><select name='input_12' id='input_2_12'  class='large gfield_select' tabindex='5'  aria-required=\"true\" aria-invalid=\"false\"><option value='Alquiler Veh\u00edculo + Conductor + Combustible' >Alquiler Veh\u00edculo + Conductor + Combustible<\/option><option value='Alquiler Veh\u00edculo + Conductor' >Alquiler Veh\u00edculo + Conductor<\/option><option value='Alquiler Veh\u00edculo + Combustible' >Alquiler Veh\u00edculo + Combustible<\/option><option value='Alquiler Veh\u00edculo' >Alquiler Veh\u00edculo<\/option><\/select><\/div><\/li><li id='field_2_11' class='gfield gfield_contains_required field_sublabel_below field_description_below gfield_visibility_visible' ><label class='gfield_label' for='input_2_11' >Ciudad donde utilizar\u00e1 el servicio<span class='gfield_required'>*<\/span><\/label><div class='ginput_container ginput_container_select'><select name='input_11' id='input_2_11'  class='large gfield_select' tabindex='6'  aria-required=\"true\" aria-invalid=\"false\"><option value='Bogot\u00e1' >Bogot\u00e1<\/option><option value='Medell\u00edn' >Medell\u00edn<\/option><option value='Cali' >Cali<\/option><option value='Cartagena' >Cartagena<\/option><option value='Barranquilla' >Barranquilla<\/option><option value='Santa Marta' >Santa Marta<\/option><option value='Bucaramanga' >Bucaramanga<\/option><\/select><\/div><\/li><li id='field_2_14' class='gfield gfield_contains_required field_sublabel_below field_description_below gfield_visibility_visible' ><label class='gfield_label' for='input_2_14' >Fecha de Inicio del servicio<span class='gfield_required'>*<\/span><\/label><div class='ginput_container ginput_container_date'>\n                            <input name='input_14' id='input_2_14' type='text' value='' class='datepicker medium dmy datepicker_with_icon' tabindex='7'  \/>\n                        <\/div>\n                        <input type='hidden' id='gforms_calendar_icon_input_2_14' class='gform_hidden' value='http:\/\/armtransp.com\/wp-content\/plugins\/gravityforms\/images\/calendar.png'\/><\/li><li id='field_2_15' class='gfield gfield_contains_required field_sublabel_below field_description_below gfield_visibility_visible' ><label class='gfield_label' for='input_2_15' >Fecha de Finalizaci\u00f3n del servicio<span class='gfield_required'>*<\/span><\/label><div class='ginput_container ginput_container_date'>\n                            <input name='input_15' id='input_2_15' type='text' value='' class='datepicker medium dmy datepicker_with_icon' tabindex='8'  \/>\n                        <\/div>\n                        <input type='hidden' id='gforms_calendar_icon_input_2_15' class='gform_hidden' value='http:\/\/armtransp.com\/wp-content\/plugins\/gravityforms\/images\/calendar.png'\/><\/li><li id='field_2_13' class='gfield field_sublabel_below field_description_below gfield_visibility_visible' ><label class='gfield_label' for='input_2_13' >Detalles adicionales<\/label><div class='ginput_container ginput_container_textarea'><textarea name='input_13' id='input_2_13' class='textarea large' tabindex='9'    aria-invalid=\"false\"   rows='10' cols='50'><\/textarea><\/div><\/li>\n                            <\/ul><\/div>\n        <div class='gform_footer top_label'> <input type='submit' id='gform_submit_button_2' class='gform_button button' value='Enviar' tabindex='10' onclick='if(window[\"gf_submitting_2\"]){return false;}  if( !jQuery(\"#gform_2\")[0].checkValidity || jQuery(\"#gform_2\")[0].checkValidity()){window[\"gf_submitting_2\"]=true;}  ' onkeypress='if( event.keyCode == 13 ){ if(window[\"gf_submitting_2\"]){return false;} if( !jQuery(\"#gform_2\")[0].checkValidity || jQuery(\"#gform_2\")[0].checkValidity()){window[\"gf_submitting_2\"]=true;}  jQuery(\"#gform_2\").trigger(\"submit\",[true]); }' \/> \n            <input type='hidden' class='gform_hidden' name='is_submit_2' value='1' \/>\n            <input type='hidden' class='gform_hidden' name='gform_submit' value='2' \/>\n            \n            <input type='hidden' class='gform_hidden' name='gform_unique_id' value='' \/>\n            <input type='hidden' class='gform_hidden' name='state_2' value='WyJbXSIsImJlOGQxMGNkZmY1NTU0YmI5NTY2ZGIzMTUyMzZkNzY1Il0=' \/>\n            <input type='hidden' class='gform_hidden' name='gform_target_page_number_2' id='gform_target_page_number_2' value='0' \/>\n            <input type='hidden' class='gform_hidden' name='gform_source_page_number_2' id='gform_source_page_number_2' value='1' \/>\n            <input type='hidden' name='gform_field_values' value='' \/>\n            \n        <\/div>\n                        <\/form>\n                        <\/div><script type='text\/javascript'> if(typeof gf_global == 'undefined') var gf_global = {\"gf_currency_config\":{\"name\":\"D\\u00f3lar Americano\",\"symbol_left\":\"$\",\"symbol_right\":\"\",\"symbol_padding\":\"\",\"thousand_separator\":\",\",\"decimal_separator\":\".\",\"decimals\":2},\"base_url\":\"http:\\\/\\\/armtransp.com\\\/wp-content\\\/plugins\\\/gravityforms\",\"number_formats\":[],\"spinnerUrl\":\"http:\\\/\\\/armtransp.com\\\/wp-content\\\/plugins\\\/gravityforms\\\/images\\\/spinner.gif\"};jQuery(document).bind('gform_post_render', function(event, formId, currentPage){if(formId == 2) {} } );jQuery(document).bind('gform_post_conditional_logic', function(event, formId, fields, isInit){} );<\/script><script type='text\/javascript'> jQuery(document).ready(function(){jQuery(document).trigger('gform_post_render', [2, 1]) } ); <\/script>[\/vc_column][\/vc_row]<\/p>\n","protected":false},"excerpt":{"rendered":"<p>[vc_row][vc_column width=\u00bb1\/2&#8243;][vc_column_text] PROCESO DE CONOCIMIENTO DEL CLIENTE Para llevar a cabo este procedimiento es necesario: Diligenciar el formato ARM2012 Anexar la siguiente documentaci\u00f3n: C\u00e9dula de ciudadan\u00eda<span class=\"excerpt-hellip\"> [\u2026]<\/span><\/p>\n","protected":false},"author":1,"featured_media":0,"parent":0,"menu_order":0,"comment_status":"closed","ping_status":"closed","template":"","meta":{"footnotes":""},"class_list":["post-447","page","type-page","status-publish","hentry"],"_links":{"self":[{"href":"http:\/\/armtransp.com\/index.php?rest_route=\/wp\/v2\/pages\/447","targetHints":{"allow":["GET"]}}],"collection":[{"href":"http:\/\/armtransp.com\/index.php?rest_route=\/wp\/v2\/pages"}],"about":[{"href":"http:\/\/armtransp.com\/index.php?rest_route=\/wp\/v2\/types\/page"}],"author":[{"embeddable":true,"href":"http:\/\/armtransp.com\/index.php?rest_route=\/wp\/v2\/users\/1"}],"replies":[{"embeddable":true,"href":"http:\/\/armtransp.com\/index.php?rest_route=%2Fwp%2Fv2%2Fcomments&post=447"}],"version-history":[{"count":12,"href":"http:\/\/armtransp.com\/index.php?rest_route=\/wp\/v2\/pages\/447\/revisions"}],"predecessor-version":[{"id":461,"href":"http:\/\/armtransp.com\/index.php?rest_route=\/wp\/v2\/pages\/447\/revisions\/461"}],"wp:attachment":[{"href":"http:\/\/armtransp.com\/index.php?rest_route=%2Fwp%2Fv2%2Fmedia&parent=447"}],"curies":[{"name":"wp","href":"https:\/\/api.w.org\/{rel}","templated":true}]}}